{"id":35,"date":"2019-07-31T10:44:51","date_gmt":"2019-07-31T08:44:51","guid":{"rendered":"http:\/\/chezmaveto.com\/?page_id=35"},"modified":"2021-03-28T15:25:16","modified_gmt":"2021-03-28T13:25:16","slug":"nos-services","status":"publish","type":"page","link":"https:\/\/chezmaveto.com\/?page_id=35","title":{"rendered":"Nos services"},"content":{"rendered":"\n<figure class=\"wp-block-gallery columns-3\"><ul class=\"blocks-gallery-grid\"><li class=\"blocks-gallery-item\"><figure><img loading=\"lazy\" width=\"1024\" height=\"768\" src=\"http:\/\/chezmaveto.com\/wp-content\/uploads\/2019\/12\/IMG_5966-1024x768.jpg\" alt=\"\" data-id=\"295\" data-link=\"http:\/\/chezmaveto.com\/?attachment_id=295\" class=\"wp-image-295\" srcset=\"https:\/\/chezmaveto.com\/wp-content\/uploads\/2019\/12\/IMG_5966-1024x768.jpg 1024w, https:\/\/chezmaveto.com\/wp-content\/uploads\/2019\/12\/IMG_5966-300x225.jpg 300w, https:\/\/chezmaveto.com\/wp-content\/uploads\/2019\/12\/IMG_5966-768x576.jpg 768w\" sizes=\"(max-width: 767px) 89vw, (max-width: 1000px) 54vw, (max-width: 1071px) 543px, 580px\" \/><figcaption class=\"blocks-gallery-item__caption\">Salle de consultation 2<\/figcaption><\/figure><\/li><li class=\"blocks-gallery-item\"><figure><img loading=\"lazy\" width=\"1024\" height=\"768\" src=\"http:\/\/chezmaveto.com\/wp-content\/uploads\/2019\/12\/IMG_5956-1-1024x768.jpg\" alt=\"\" data-id=\"296\" data-link=\"http:\/\/chezmaveto.com\/?attachment_id=296\" class=\"wp-image-296\" srcset=\"https:\/\/chezmaveto.com\/wp-content\/uploads\/2019\/12\/IMG_5956-1-1024x768.jpg 1024w, https:\/\/chezmaveto.com\/wp-content\/uploads\/2019\/12\/IMG_5956-1-300x225.jpg 300w, https:\/\/chezmaveto.com\/wp-content\/uploads\/2019\/12\/IMG_5956-1-768x576.jpg 768w\" sizes=\"(max-width: 767px) 89vw, (max-width: 1000px) 54vw, (max-width: 1071px) 543px, 580px\" \/><figcaption class=\"blocks-gallery-item__caption\">Salle de consultation 1<\/figcaption><\/figure><\/li><li class=\"blocks-gallery-item\"><figure><img loading=\"lazy\" width=\"1024\" height=\"768\" src=\"http:\/\/chezmaveto.com\/wp-content\/uploads\/2019\/12\/IMG_5983-2-1024x768.jpg\" alt=\"\" data-id=\"298\" data-link=\"http:\/\/chezmaveto.com\/?attachment_id=298\" class=\"wp-image-298\" srcset=\"https:\/\/chezmaveto.com\/wp-content\/uploads\/2019\/12\/IMG_5983-2-1024x768.jpg 1024w, https:\/\/chezmaveto.com\/wp-content\/uploads\/2019\/12\/IMG_5983-2-300x225.jpg 300w, https:\/\/chezmaveto.com\/wp-content\/uploads\/2019\/12\/IMG_5983-2-768x576.jpg 768w\" sizes=\"(max-width: 767px) 89vw, (max-width: 1000px) 54vw, (max-width: 1071px) 543px, 580px\" \/><figcaption class=\"blocks-gallery-item__caption\">Laboratoire  (microscope, analyses)<\/figcaption><\/figure><\/li><li class=\"blocks-gallery-item\"><figure><img loading=\"lazy\" width=\"1024\" height=\"768\" src=\"http:\/\/chezmaveto.com\/wp-content\/uploads\/2019\/12\/IMG_5993-1024x768.jpg\" alt=\"\" data-id=\"299\" data-link=\"http:\/\/chezmaveto.com\/?attachment_id=299\" class=\"wp-image-299\" srcset=\"https:\/\/chezmaveto.com\/wp-content\/uploads\/2019\/12\/IMG_5993-1024x768.jpg 1024w, https:\/\/chezmaveto.com\/wp-content\/uploads\/2019\/12\/IMG_5993-300x225.jpg 300w, https:\/\/chezmaveto.com\/wp-content\/uploads\/2019\/12\/IMG_5993-768x576.jpg 768w\" sizes=\"(max-width: 767px) 89vw, (max-width: 1000px) 54vw, (max-width: 1071px) 543px, 580px\" \/><figcaption class=\"blocks-gallery-item__caption\">Radiographie num\u00e9rique &#8211; \u00e9chographie<\/figcaption><\/figure><\/li><li class=\"blocks-gallery-item\"><figure><img loading=\"lazy\" width=\"1024\" height=\"768\" src=\"http:\/\/chezmaveto.com\/wp-content\/uploads\/2019\/12\/chirurgie-1024x768.jpg\" alt=\"\" data-id=\"301\" data-link=\"http:\/\/chezmaveto.com\/?attachment_id=301\" class=\"wp-image-301\" srcset=\"https:\/\/chezmaveto.com\/wp-content\/uploads\/2019\/12\/chirurgie-1024x768.jpg 1024w, https:\/\/chezmaveto.com\/wp-content\/uploads\/2019\/12\/chirurgie-300x225.jpg 300w, https:\/\/chezmaveto.com\/wp-content\/uploads\/2019\/12\/chirurgie-768x576.jpg 768w, https:\/\/chezmaveto.com\/wp-content\/uploads\/2019\/12\/chirurgie.jpg 1152w\" sizes=\"(max-width: 767px) 89vw, (max-width: 1000px) 54vw, (max-width: 1071px) 543px, 580px\" \/><figcaption class=\"blocks-gallery-item__caption\">Salle de chirurgie<\/figcaption><\/figure><\/li><li class=\"blocks-gallery-item\"><figure><img loading=\"lazy\" width=\"1024\" height=\"768\" src=\"http:\/\/chezmaveto.com\/wp-content\/uploads\/2019\/12\/IMG_5961-1-1024x768.jpg\" alt=\"\" data-id=\"304\" data-link=\"http:\/\/chezmaveto.com\/?attachment_id=304\" class=\"wp-image-304\" srcset=\"https:\/\/chezmaveto.com\/wp-content\/uploads\/2019\/12\/IMG_5961-1-1024x768.jpg 1024w, https:\/\/chezmaveto.com\/wp-content\/uploads\/2019\/12\/IMG_5961-1-300x225.jpg 300w, https:\/\/chezmaveto.com\/wp-content\/uploads\/2019\/12\/IMG_5961-1-768x576.jpg 768w\" sizes=\"(max-width: 767px) 89vw, (max-width: 1000px) 54vw, (max-width: 1071px) 543px, 580px\" \/><figcaption class=\"blocks-gallery-item__caption\">H\u00f4pital chiens<\/figcaption><\/figure><\/li><li class=\"blocks-gallery-item\"><figure><img loading=\"lazy\" width=\"1024\" height=\"768\" src=\"http:\/\/chezmaveto.com\/wp-content\/uploads\/2019\/12\/IMG_5968-1024x768.jpg\" alt=\"\" data-id=\"305\" data-link=\"http:\/\/chezmaveto.com\/?attachment_id=305\" class=\"wp-image-305\" srcset=\"https:\/\/chezmaveto.com\/wp-content\/uploads\/2019\/12\/IMG_5968-1024x768.jpg 1024w, https:\/\/chezmaveto.com\/wp-content\/uploads\/2019\/12\/IMG_5968-300x225.jpg 300w, https:\/\/chezmaveto.com\/wp-content\/uploads\/2019\/12\/IMG_5968-768x576.jpg 768w\" sizes=\"(max-width: 767px) 89vw, (max-width: 1000px) 54vw, (max-width: 1071px) 543px, 580px\" \/><figcaption class=\"blocks-gallery-item__caption\">H\u00f4pital chats<\/figcaption><\/figure><\/li><li class=\"blocks-gallery-item\"><figure><img loading=\"lazy\" width=\"1024\" height=\"768\" src=\"http:\/\/chezmaveto.com\/wp-content\/uploads\/2019\/12\/IMG_5970-1024x768.jpg\" alt=\"\" data-id=\"306\" data-link=\"http:\/\/chezmaveto.com\/?attachment_id=306\" class=\"wp-image-306\" srcset=\"https:\/\/chezmaveto.com\/wp-content\/uploads\/2019\/12\/IMG_5970-1024x768.jpg 1024w, https:\/\/chezmaveto.com\/wp-content\/uploads\/2019\/12\/IMG_5970-300x225.jpg 300w, https:\/\/chezmaveto.com\/wp-content\/uploads\/2019\/12\/IMG_5970-768x576.jpg 768w\" sizes=\"(max-width: 767px) 89vw, (max-width: 1000px) 54vw, (max-width: 1071px) 543px, 580px\" \/><figcaption class=\"blocks-gallery-item__caption\">H\u00f4pital contagieux<\/figcaption><\/figure><\/li><li class=\"blocks-gallery-item\"><figure><img loading=\"lazy\" width=\"1024\" height=\"768\" src=\"http:\/\/chezmaveto.com\/wp-content\/uploads\/2019\/12\/prepa-2-1024x768.jpg\" alt=\"\" data-id=\"323\" data-link=\"http:\/\/chezmaveto.com\/?attachment_id=323\" class=\"wp-image-323\" srcset=\"https:\/\/chezmaveto.com\/wp-content\/uploads\/2019\/12\/prepa-2-1024x768.jpg 1024w, https:\/\/chezmaveto.com\/wp-content\/uploads\/2019\/12\/prepa-2-300x225.jpg 300w, https:\/\/chezmaveto.com\/wp-content\/uploads\/2019\/12\/prepa-2-768x576.jpg 768w, https:\/\/chezmaveto.com\/wp-content\/uploads\/2019\/12\/prepa-2.jpg 1080w\" sizes=\"(max-width: 767px) 89vw, (max-width: 1000px) 54vw, (max-width: 1071px) 543px, 580px\" \/><figcaption class=\"blocks-gallery-item__caption\">Salle de pr\u00e9paration<\/figcaption><\/figure><\/li><\/ul><\/figure>\n\n\n\n<ul><li><strong>M\u00e9decine<\/strong><\/li><li><strong>Chirurgie<\/strong><\/li><li><strong>Consultations sp\u00e9cialis\u00e9es en comportement<\/strong><\/li><li><strong>Consultations p\u00e9diatriques<\/strong><\/li><li><strong>Consultations g\u00e9riatriques<\/strong><\/li><li><strong>Consultations pr\u00e9pubertaire<\/strong><\/li><li><strong>Imagerie m\u00e9dicale<\/strong><ul><li>Radiographie<\/li><li>Echographie<\/li><\/ul><\/li><li><strong>Analyses <\/strong><ul><li>biochimiques <\/li><li>sanguines <\/li><li>endocrinologiques (hormones)<\/li><\/ul><\/li><li><strong>Th\u00e9rapie Laser<\/strong><\/li><\/ul>\n\n\n\n<div class=\"wp-block-image\"><figure class=\"alignleft is-resized\"><img loading=\"lazy\" src=\"http:\/\/chezmaveto.com\/wp-content\/uploads\/2019\/08\/26022_1250533511980_2713166_n.jpg\" alt=\"\" class=\"wp-image-121\" width=\"255\" height=\"170\" srcset=\"https:\/\/chezmaveto.com\/wp-content\/uploads\/2019\/08\/26022_1250533511980_2713166_n.jpg 720w, https:\/\/chezmaveto.com\/wp-content\/uploads\/2019\/08\/26022_1250533511980_2713166_n-300x200.jpg 300w\" sizes=\"(max-width: 255px) 100vw, 255px\" \/><\/figure><\/div>\n\n\n\n<p><strong>Consultation en g\u00e9riatrie<\/strong><br><br>Parce que la prise en charge des animaux \u00e2g\u00e9s est importante. Beaucoup de points sont \u00e0 consid\u00e9rer pour leur amener un confort de vie..<br><br><\/p>\n\n\n\n<p> <strong>Th\u00e9rapie Laser<\/strong> <br>La th\u00e9rapie au laser est une technique th\u00e9rapeutique indolore et non invasive qui peut \u00eatre appliqu\u00e9e \u00e0 la traumatologie, la r\u00e9\u00e9ducation et plus g\u00e9n\u00e9ralement \u00e0 toutes les douleurs, inflammations, \u0153d\u00e8mes, plaies et ulc\u00e8res. Elle est particuli\u00e8rement conseill\u00e9e pour soigner l&#8217;arthrose des vieux chiens.<\/p>\n\n\n\n<div class=\"wp-block-image\"><figure class=\"alignright is-resized\"><img loading=\"lazy\" src=\"http:\/\/chezmaveto.com\/wp-content\/uploads\/2019\/08\/333215_2685918075697_703842507_o-1-1024x768.jpg\" alt=\"\" class=\"wp-image-118\" width=\"243\" height=\"182\" srcset=\"https:\/\/chezmaveto.com\/wp-content\/uploads\/2019\/08\/333215_2685918075697_703842507_o-1-1024x768.jpg 1024w, https:\/\/chezmaveto.com\/wp-content\/uploads\/2019\/08\/333215_2685918075697_703842507_o-1-300x225.jpg 300w, https:\/\/chezmaveto.com\/wp-content\/uploads\/2019\/08\/333215_2685918075697_703842507_o-1-768x576.jpg 768w, https:\/\/chezmaveto.com\/wp-content\/uploads\/2019\/08\/333215_2685918075697_703842507_o-1.jpg 1920w\" sizes=\"(max-width: 243px) 100vw, 243px\" \/><\/figure><\/div>\n\n\n\n<p><strong>Consultation pr\u00e9pubertaire<\/strong><br><br>Pour suivre la croissance des animaux et corriger des probl\u00e8mes qui sont plus faciles \u00e0 prendre en charge avant l&#8217;\u00e2ge d&#8217;un an (troubles de la croissance, probl\u00e8mes comportementaux, &#8230;)<\/p>\n","protected":false},"excerpt":{"rendered":"<p>M\u00e9decine Chirurgie Consultations sp\u00e9cialis\u00e9es en comportement Consultations p\u00e9diatriques Consultations g\u00e9riatriques Consultations pr\u00e9pubertaire Imagerie m\u00e9dicale Radiographie Echographie Analyses biochimiques sanguines endocrinologiques (hormones) Th\u00e9rapie Laser Consultation en g\u00e9riatrie Parce que la prise en charge des animaux \u00e2g\u00e9s est importante. Beaucoup de points sont \u00e0 consid\u00e9rer pour leur amener un confort de vie.. Th\u00e9rapie Laser La th\u00e9rapie au &hellip; <\/p>\n<p class=\"link-more\"><a href=\"https:\/\/chezmaveto.com\/?page_id=35\" class=\"more-link\">Continue reading<span class=\"screen-reader-text\"> &#8220;Nos services&#8221;<\/span><\/a><\/p>\n","protected":false},"author":1,"featured_media":0,"parent":0,"menu_order":0,"comment_status":"closed","ping_status":"closed","template":"","meta":[],"_links":{"self":[{"href":"https:\/\/chezmaveto.com\/index.php?rest_route=\/wp\/v2\/pages\/35"}],"collection":[{"href":"https:\/\/chezmaveto.com\/index.php?rest_route=\/wp\/v2\/pages"}],"about":[{"href":"https:\/\/chezmaveto.com\/index.php?rest_route=\/wp\/v2\/types\/page"}],"author":[{"embeddable":true,"href":"https:\/\/chezmaveto.com\/index.php?rest_route=\/wp\/v2\/users\/1"}],"replies":[{"embeddable":true,"href":"https:\/\/chezmaveto.com\/index.php?rest_route=%2Fwp%2Fv2%2Fcomments&post=35"}],"version-history":[{"count":24,"href":"https:\/\/chezmaveto.com\/index.php?rest_route=\/wp\/v2\/pages\/35\/revisions"}],"predecessor-version":[{"id":1411,"href":"https:\/\/chezmaveto.com\/index.php?rest_route=\/wp\/v2\/pages\/35\/revisions\/1411"}],"wp:attachment":[{"href":"https:\/\/chezmaveto.com\/index.php?rest_route=%2Fwp%2Fv2%2Fmedia&parent=35"}],"curies":[{"name":"wp","href":"https:\/\/api.w.org\/{rel}","templated":true}]}}